{"id":1307,"date":"2014-11-27T15:52:40","date_gmt":"2014-11-27T13:52:40","guid":{"rendered":"http:\/\/www.gaziantepyuzme.com\/index.php\/resim-galerisi\/geleneksel-alleben-su-sporlari-senligi\/"},"modified":"2014-11-27T15:52:40","modified_gmt":"2014-11-27T13:52:40","slug":"geleneksel-alleben-su-sporlari-senligi","status":"publish","type":"page","link":"https:\/\/www.gaziantepyuzme.com\/index.php\/resim-galerisi\/geleneksel-alleben-su-sporlari-senligi\/","title":{"rendered":"Geleneksel-Alleben-Su-Sporlar\u0131-\u015eenli\u011fi"},"content":{"rendered":"<p>[nggallery id=5]<\/p>\n","protected":false},"excerpt":{"rendered":"<p>[nggallery id=5]<\/p>\n","protected":false},"author":1,"featured_media":0,"parent":338,"menu_order":0,"comment_status":"open","ping_status":"open","template":"","meta":{"jetpack_post_was_ever_published":false,"footnotes":""},"class_list":["post-1307","page","type-page","status-publish","hentry"],"jetpack_sharing_enabled":true,"jetpack_shortlink":"https:\/\/wp.me\/P5p0aA-l5","_links":{"self":[{"href":"https:\/\/www.gaziantepyuzme.com\/index.php\/wp-json\/wp\/v2\/pages\/1307","targetHints":{"allow":["GET"]}}],"collection":[{"href":"https:\/\/www.gaziantepyuzme.com\/index.php\/wp-json\/wp\/v2\/pages"}],"about":[{"href":"https:\/\/www.gaziantepyuzme.com\/index.php\/wp-json\/wp\/v2\/types\/page"}],"author":[{"embeddable":true,"href":"https:\/\/www.gaziantepyuzme.com\/index.php\/wp-json\/wp\/v2\/users\/1"}],"replies":[{"embeddable":true,"href":"https:\/\/www.gaziantepyuzme.com\/index.php\/wp-json\/wp\/v2\/comments?post=1307"}],"version-history":[{"count":0,"href":"https:\/\/www.gaziantepyuzme.com\/index.php\/wp-json\/wp\/v2\/pages\/1307\/revisions"}],"up":[{"embeddable":true,"href":"https:\/\/www.gaziantepyuzme.com\/index.php\/wp-json\/wp\/v2\/pages\/338"}],"wp:attachment":[{"href":"https:\/\/www.gaziantepyuzme.com\/index.php\/wp-json\/wp\/v2\/media?parent=1307"}],"curies":[{"name":"wp","href":"https:\/\/api.w.org\/{rel}","templated":true}]}}