{"id":3265,"date":"2017-11-28T13:40:29","date_gmt":"2017-11-28T10:40:29","guid":{"rendered":"http:\/\/www.gaziantepyuzme.com\/?page_id=3265"},"modified":"2021-01-21T16:55:38","modified_gmt":"2021-01-21T13:55:38","slug":"2017-2018-2019-yili-sonuclar","status":"publish","type":"page","link":"https:\/\/www.gaziantepyuzme.com\/index.php\/toplu-sonuclar\/2017-2018-2019-yili-sonuclar\/","title":{"rendered":"2017-2018-2019 YILI SONU\u00c7LAR"},"content":{"rendered":"<h1 style=\"text-align: center;\"><span style=\"color: #ff0000;\"><strong>2017 YILI SONU\u00c7LARI<\/strong><\/span><\/h1>\n\n<hr>\n\n1) <a href=\"http:\/\/www.gaziantepyuzme.com\/wp-content\/uploads\/2016\/10\/Sonu\u00e7lar-ve-Tak\u0131m-Puanlamas\u0131-Okullar-Aras\u0131-Gen\u00e7ler-Y\u00fczme-\u0130l-Birincili\u011fi.pdf\">9-10 Ocak 2017 Okullararas\u0131 Gencler Y\u00fczme \u0130l Birincili\u011fi-Toplu Sonuclar<\/a>\n\n2) <a href=\"http:\/\/www.gaziantepyuzme.com\/wp-content\/uploads\/2016\/10\/Sonu\u00e7lar-11-12-Ya\u015f-\u0130l-\u0130\u00e7i-Vize-Y\u00fczme-Yar\u0131\u015fmalar\u0131-14-15-Ocak-2017.pdf\">14-15 Ocak 2017 11-12 Yas \u0130l \u0130ci Vize Yuzme Yarismalari-Toplu Sonuclar<\/a>\n\n3) <a href=\"http:\/\/www.gaziantepyuzme.com\/wp-content\/uploads\/2017\/04\/Open-Water-\u0130l-Birincili\u011fi-SONU\u00c7-L\u0130STES\u0130.pdf\">28 Ocak 2017 Open Water \u0130l Birinciligi-Toplu Sonuclar<\/a>\n\n4)<a href=\"http:\/\/www.gaziantepyuzme.com\/wp-content\/uploads\/2016\/10\/Sonu\u00e7lar-Minik-A-Minik-B-K\u00fc\u00e7\u00fckler-Y\u0131ld\u0131zlar-Gen\u00e7ler.pdf\"> 20-23 Subat 2017 Modern Pentatlon (Okul Biatlonu)-Toplu Sonuclar<\/a>\n\n5) <a href=\"http:\/\/www.gaziantepyuzme.com\/wp-content\/uploads\/2017\/04\/1.-Hafta-Ma\u00e7-Raporlar\u0131-25-26-\u015eubat-2017.pdf\">25-26 Subat 2017 Sutopu Bahar Ligi 1. Hafta-Mac Raporlari<\/a>\n\n6) <a href=\"http:\/\/www.gaziantepyuzme.com\/wp-content\/uploads\/2016\/10\/Sonu\u00e7lar-11-12-Ya\u015f-B-2-B\u00f6lge-Baraj-Ge\u00e7me-Y\u00fczme-Yar\u0131\u015fmalar\u0131-4-5-Mart-2017.pdf\">4-5 Mart&nbsp;2017 11-12 Yas B-2 Bolge Baraj&nbsp;Yuzme Yarismalari-Toplu Sonuclar<\/a>\n\n7) <a href=\"http:\/\/www.gaziantepyuzme.com\/wp-content\/uploads\/2017\/03\/2.-Hafta-Ma\u00e7-Raporlar\u0131.pdf\">4-5 Mart&nbsp;2017 Sutopu Bahar Ligi 2. Hafta-Mac Raporlari<\/a>\n\n8) <a href=\"http:\/\/www.gaziantepyuzme.com\/wp-content\/uploads\/2016\/10\/\u00d6zel-Sporcular-Y\u0131ld\u0131zlar-ve-Gen\u00e7ler-Sonu\u00e7-Listesi.pdf\">7 Mart&nbsp;2017 Okullararas\u0131 \u00d6zel Sporcular Y\u0131ld\u0131zlar ve Gen\u00e7ler Y\u00fczme \u0130l Birincili\u011fi-Toplu Sonuclar<\/a>\n\n9) <a href=\"http:\/\/www.gaziantepyuzme.com\/wp-content\/uploads\/2017\/04\/sonu\u00e7.pdf\">11-12 Mart 2017&nbsp;Anadolu Y\u0131ld\u0131zlar Ligi Yar\u0131 Final Sonu\u00e7lar\u0131-Elaz\u0131\u011f<\/a>\n\n10) <a href=\"http:\/\/www.gaziantepyuzme.com\/wp-content\/uploads\/2016\/10\/Sonu\u00e7lar-ve-Puan-Tablosu-Okullar-Aras\u0131-K\u00fc\u00e7\u00fckler-Y\u00fczme-\u0130l-Birincili\u011fi-14-16-Mart-2017.pdf\">14-16 Mart&nbsp;2017 Okullararas\u0131 Kucukler Y\u00fczme \u0130l Birincili\u011fi-Toplu Sonuclar<\/a>\n\n11) <a href=\"http:\/\/www.gaziantepyuzme.com\/wp-content\/uploads\/2017\/03\/3.-Hafta-Ma\u00e7-Raporlar\u0131.pdf\">18-19 Mart&nbsp;2017 Sutopu Bahar Ligi 3. Hafta-Mac Raporlari<\/a>\n\n12) <a href=\"http:\/\/www.gaziantepyuzme.com\/wp-content\/uploads\/2016\/10\/Sonu\u00e7lar-Okullar-Aras\u0131-Bedensel-Engelliler-Y\u0131ld\u0131zlar-ve-Gen\u00e7ler-Y\u00fczme-\u0130l-Birincili\u011fi.pdf\">21 Mart 2017&nbsp;Okullararas\u0131 Bedensel Engelliler Y\u0131ld\u0131zlar ve Gen\u00e7ler Y\u00fczme \u0130l Birincili\u011fi-Toplu Sonuclar<\/a>\n\n13) <a href=\"http:\/\/www.gaziantepyuzme.com\/wp-content\/uploads\/2016\/10\/G\u00f6rme-Engelliler-Gen\u00e7ler-Sonu\u00e7-Listesi.pdf\">28 Mart 2017&nbsp;Okullararas\u0131 G\u00f6rme Engelliler Y\u0131ld\u0131zlar ve Gen\u00e7ler Y\u00fczme \u0130l Birincili\u011fi-Toplu Sonuclar<\/a>\n\n14) <a href=\"http:\/\/www.gaziantepyuzme.com\/wp-content\/uploads\/2017\/04\/Analig_Yuzme_Final_Sonu\u00e7lari_2017.pdf\">1-2 Nisan 2017 Anadolu Y\u0131ld\u0131zlar Ligi Final Sonu\u00e7lar\u0131-\u00c7anakkale<\/a>\n\n15) <a href=\"http:\/\/www.gaziantepyuzme.com\/wp-content\/uploads\/2016\/10\/Sonu\u00e7lar-ve-Tak\u0131m-Puanlamas\u0131-Okullar-Aras\u0131-Y\u0131ld\u0131zlar-Y\u00fczme-\u0130l-Birincili\u011fi-4-5-Nisan-2017.pdf\">4-6 Nisan 2017 Okullararas\u0131 Yildizlar&nbsp;Y\u00fczme \u0130l Birincili\u011fi-Toplu Sonuclar<\/a>\n\n16) <a href=\"http:\/\/www.gaziantepyuzme.com\/wp-content\/uploads\/2016\/10\/Sonu\u00e7lar-ve-Tak\u0131m-Puanlar\u0131-Okullar-Aras\u0131-Minikler-Y\u00fczme-\u0130l-Birincili\u011fi-11-12-Nisan-2017.pdf\">11-12 Nisan&nbsp;2017 Okullararas\u0131 Minikler Y\u00fczme \u0130l Birincili\u011fi-Toplu Sonuclar<\/a>\n\n17) <a href=\"http:\/\/www.gaziantepyuzme.com\/wp-content\/uploads\/2017\/04\/Ma\u00e7-Raporlar\u0131-1.pdf\">29-30 Nisan 2017&nbsp;23 Nisan Ulusal Egemenlik ve \u00c7ocuk Bayram\u0131 Sutopu Zeugma Kupas\u0131-Mac Raporlari<\/a>\n\n18) <a href=\"http:\/\/www.gaziantepyuzme.com\/wp-content\/uploads\/2017\/04\/Alleben-\u015eenlikleri-Toplu-Sonu\u00e7lar.pdf\">26-28 May\u0131s 2017 5. Gelenseksel Uluslararas\u0131 Alleben Y\u00fczme Havuzu Su Sporlar\u0131 \u015eenlikleri-Toplu Sonu\u00e7lar<\/a>\n\n19) <a href=\"http:\/\/www.gaziantepyuzme.com\/wp-content\/uploads\/2017\/04\/Sonu\u00e7lar-11-12-Ya\u015f-\u0130l-\u0130\u00e7i-Vize-Y\u00fczme-ve-Baraj-Ge\u00e7me-Yar\u0131\u015fmalar\u0131-3-4-Haziran-2017.pdf\">3-4 Haziran 11-12 Ya\u015f Ulusal Geli\u015fim Projesi \u0130l Vize Y\u00fczme Yar\u0131\u015fmalar\u0131 ve K\u0131sa Kulvar Baraj Ge\u00e7me Y\u00fczme Yar\u0131\u015fmalar\u0131-Toplu Sonu\u00e7lar<\/a>\n\n20) <a href=\"http:\/\/www.gaziantepyuzme.com\/wp-content\/uploads\/2017\/04\/Sonu\u00e7lar-11-12-Ya\u015f-\u0130l-\u0130\u00e7i-Vize-Y\u00fczme-Yar\u0131\u015fmalar\u0131-21-Temmuz-2017.pdf\">21 Temmuz 2017&nbsp;11-12 Ya\u015f Ulusal Geli\u015fim Projesi \u0130l Vize Y\u00fczme Yar\u0131\u015fmalar\u0131-Toplu Sonu\u00e7lar<\/a>\n\n21) <a href=\"http:\/\/www.gaziantepyuzme.com\/wp-content\/uploads\/2017\/11\/11-12-YA\u015e-\u0130L-\u0130\u00c7\u0130-V\u0130ZE-T\u00dcM-SONU\u00c7LAR.pdf\">14-15 Ekim 2017 11-12 Ya\u015f \u0130l \u0130\u00e7i Vize Y\u00fczme Yar\u0131\u015fmalar\u0131 -Toplu Sonu\u00e7lar<\/a>\n\n22) <a href=\"http:\/\/www.gaziantepyuzme.com\/wp-content\/uploads\/2017\/11\/13-YA\u015e-TURKCELL-UZUN-KULVAR-M\u0130LL\u0130-TAKIM-SE\u00c7MELER\u0130-T\u00dcM-SONU\u00c7LAR.pdf\">14-15 Ekim 2017 13+ Ya\u015f Turkcell Uzun Kulvar Y\u00fczme Milli Tak\u0131m Se\u00e7me Elemeleri-Toplu Sonu\u00e7lar<\/a>\n\n23) <a href=\"http:\/\/www.gaziantepyuzme.com\/wp-content\/uploads\/2017\/11\/Cumhuriyet-Kupas\u0131-Ma\u00e7-Raporlar\u0131-21.10.2017.pdf\">21 Ekim 2017 &#8211; Cumhuriyet Kupas\u0131 Ma\u00e7 Raporlar\u0131<\/a>\n\n24) <a href=\"http:\/\/www.gaziantepyuzme.com\/wp-content\/uploads\/2018\/01\/TOPLU-SONU\u00c7LAR-VE-TAKIM-PUANLAMA-2.pdf\">28-29 Ekim 2017&nbsp;6. Geleneksel Kul\u00fcpleraras\u0131 Cumhuriyet Kupas\u0131 Y\u00fczme Yar\u0131\u015fmalar\u0131-Toplu Sonu\u00e7lar<\/a>\n\n25) <a href=\"http:\/\/www.gaziantepyuzme.com\/wp-content\/uploads\/2017\/11\/2.A\u00e7\u0131k-Su-1.Etap-Sonu\u00e7-Listesi-2.pdf\">18 Kas\u0131m 2017 2. A\u00e7\u0131k Su Y\u00fczme 1. Etap &#8211; Toplu Sonu\u00e7lar<\/a>\n\n26) <a href=\"http:\/\/www.gaziantepyuzme.com\/wp-content\/uploads\/2017\/12\/SONU\u00c7-L\u0130STES\u0130-6.-Geleneksel-Gaziantepin-Kurtulu\u015f-G\u00fcn\u00fc-23-24-Aral\u0131k-2017-3.pdf\">23-24 Aral\u0131k 2017 6. Geleneksel Gaziantep&#8217;in Kurtulu\u015f G\u00fcn\u00fc Y\u00fczme Kurtulu\u015f Kupas\u0131-Toplu Sonu\u00e7lar<\/a>\n<h1 style=\"text-align: center;\"><span style=\"color: #ff0000;\"><strong>2018 YILI SONU\u00c7LARI<\/strong><\/span><\/h1>\n\n<hr>\n\n1) <a href=\"http:\/\/www.gaziantepyuzme.com\/wp-content\/uploads\/2019\/07\/2.A\u00e7\u0131k-Su-2.Etap-Sonu\u00e7-Listesi.pdf\">6-7 Ocak 2018 2.A\u00e7\u0131k Su Y\u00fczme 2.Etap Sonu\u00e7 Listesi<\/a>\n\n2) <a href=\"http:\/\/www.gaziantepyuzme.com\/wp-content\/uploads\/2019\/07\/Sonu\u00e7lar-11-12-Ya\u015f-\u0130l-\u0130\u00e7i-Vize-Y\u00fczme-Yar\u0131\u015fmalar\u0131-6-7-Ocak-2018.pdf\">6-7 Ocak 2018 11-12 Ya\u015f il \u0130\u00e7i Vize Y\u00fczme Yar\u0131\u015fmalar\u0131 Sonu\u00e7lar\u0131<\/a>\n\n3)<a href=\"http:\/\/www.gaziantepyuzme.com\/wp-content\/uploads\/2019\/07\/SONU\u00c7LAR-Atat\u00fcrk\u00fcn-Gaziantepe-Geli\u015finin-85.-Y\u0131l\u0131-Ata-Y\u00fczme-\u015eenlikleri-28-Ocak-2018.pdf\"> 28 Ocak 2018 Atat\u00fcrk&#8217;\u00fcn Gaziantep&#8217;e Geli\u015finin 85. Y\u0131l\u0131 &#8211; Ata Y\u00fczme \u015eenlikleri Sonu\u00e7lar\u0131<\/a>\n\n4) <a href=\"http:\/\/www.gaziantepyuzme.com\/wp-content\/uploads\/2019\/07\/Sonu\u00e7lar-Okullar-Aras\u0131-Gen\u00e7ler-Y\u00fczme-\u0130l-Birincili\u011fi-7-8-\u015eubat-2018.pdf\">7-8 \u015eubat 2018 Okullararas\u0131 Gen\u00e7ler Y\u00fczme \u0130l Birincili\u011fi Sonu\u00e7lar\u0131<\/a>\n\n5) <a href=\"http:\/\/www.gaziantepyuzme.com\/wp-content\/uploads\/2019\/07\/toplu-sonu\u00e7.pdf\">24-25 \u015eubat 2018 Analig ve Milli Tak\u0131m Se\u00e7meleri Sonu\u00e7lar\u0131<\/a>\n\n6) <a href=\"http:\/\/www.gaziantepyuzme.com\/wp-content\/uploads\/2019\/07\/\u00d6zel-Sporcular-Y\u0131ld\u0131zlar-ve-Gen\u00e7ler-Sonu\u00e7-Listesi.pdf\">6-7 Mart&nbsp;2018 Okullararas\u0131 \u00d6zel Sporcular Y\u0131ld\u0131zlar ve Gen\u00e7ler Y\u00fczme \u0130l Birincili\u011fi Sonu\u00e7lar\u0131<\/a>\n\n7) <a href=\"http:\/\/www.gaziantepyuzme.com\/wp-content\/uploads\/2019\/07\/Sonu\u00e7lar-ve-Tak\u0131m-Puanlamas\u0131-Okullar-Aras\u0131-K\u00fc\u00e7\u00fckler-Y\u00fczme-\u0130l-Birincili\u011fi-13-15-Mart-2018.pdf\">13-15 Mart 2018 Okullararas\u0131 K\u00fc\u00e7\u00fckler Y\u00fczme il Birincili\u011fi<\/a>\n\n8) <a href=\"http:\/\/www.gaziantepyuzme.com\/wp-content\/uploads\/2019\/07\/Sonu\u00e7lar-11-12-Ya\u015f-\u0130l-\u0130\u00e7i-Vize-Y\u00fczme-Yar\u0131\u015fmalar\u0131-20-21-Mart-2018.pdf\">20-21 Mart 2018 11-12 Ya\u015f \u0130l \u0130\u00e7i Vize Y\u00fczme Yar\u0131\u015fmalar\u0131 Sonu\u00e7lar\u0131<\/a>\n\n9) <a href=\"http:\/\/www.gaziantepyuzme.com\/wp-content\/uploads\/2019\/07\/Sonu\u00e7lar-ve-Tak\u0131m-Puanlar\u0131-11-12-Ya\u015f-\u0130l-\u0130\u00e7i-Vize-Y\u00fczme-Yar\u0131\u015fmalar\u0131-20-21-Mart-2018.pdf\">20-22 Mart&nbsp;2018 Okullararas\u0131 Y\u0131ld\u0131zlar Y\u00fczme \u0130l Birincili\u011fi Sonu\u00e7lar\u0131<\/a>\n\n10) <a href=\"http:\/\/www.gaziantepyuzme.com\/wp-content\/uploads\/2019\/07\/Sonu\u00e7lar2-Okullar-Aras\u0131-G\u00f6rme-Engelliler-Y\u0131ld\u0131zlar-ve-Gen\u00e7ler-Y\u00fczme-\u0130l-Birincili\u011fi-27-28-Mart-2018.pdf\">27-28 Mart&nbsp;2018 Okullararas\u0131 G\u00f6rme Engelliler Y\u0131ld\u0131zlar ve Gen\u00e7ler Y\u00fczme \u0130l Birincili\u011fi Sonu\u00e7lar\u0131<\/a>\n\n11) <a href=\"http:\/\/www.gaziantepyuzme.com\/wp-content\/uploads\/2019\/07\/Sonu\u00e7lar-Minik-B-Minik-A-K\u00fc\u00e7\u00fckler-Y\u0131ld\u0131zlar-Gen\u00e7-B-Gen\u00e7-A.pdf\">2-5 Nisan 2018 Okullaras\u0131 Modern Pentatlon (Okul Biatlonu) \u0130l Birincili\u011fi Sonu\u00e7lar\u0131<\/a>\n\n12) <a href=\"http:\/\/www.gaziantepyuzme.com\/wp-content\/uploads\/2019\/07\/6.Geleneksel-Alleben-Toplu-Sonu\u00e7-ve-Tak\u0131m-Puanlamalar\u0131.pdf\">13-15 Nisan 2018 6. Geleneksel Uluslararas\u0131 Alleben Su Sporlar\u0131 \u015eenlikleri Sonu\u00e7lar\u0131<\/a>\n\n13) <a href=\"http:\/\/www.gaziantepyuzme.com\/wp-content\/uploads\/2019\/07\/Sonu\u00e7lar.pdf\">25-26 Nisan&nbsp;2018 Okullararas\u0131 Minikler Y\u00fczme \u0130l Birincili\u011fi Sonu\u00e7lar\u0131<\/a>\n\n14) <a href=\"http:\/\/www.gaziantepyuzme.com\/wp-content\/uploads\/2019\/07\/SONU\u00c7LAR-11-12-Ya\u015f-\u0130l-\u0130\u00e7i-Vize-Y\u00fczme-Yar\u0131\u015fmalar\u0131-VE-MTS-9-10-Haziran-2018.pdf\">9-10 Haziran 2018 11-12 Ya\u015f \u0130l \u0130\u00e7i Vize Y\u00fczme Yar\u0131\u015fmalar\u0131 ve Milli Tak\u0131m Se\u00e7meleri Sonu\u00e7lar\u0131<\/a>\n\n15) <a href=\"http:\/\/www.gaziantepyuzme.com\/wp-content\/uploads\/2019\/07\/Sonu\u00e7lar-2.-Geleneksel-15-Temmuz-Demokrasi-ve-Milli-Birlik-G\u00fcn\u00fc-Y\u00fczme-Yar\u0131\u015fmalar\u0131-7-Temmuz-2018.pdf\">7 Temmuz 2018 15 Temmuz Demokrasi ve Milli Birlik G\u00fcn\u00fc Y\u00fczme Yar\u0131\u015fmalar\u0131 Sonu\u00e7lar\u0131<\/a>\n\n16) <a href=\"http:\/\/www.gaziantepyuzme.com\/wp-content\/uploads\/2019\/07\/SONU\u00c7LAR-VE-TAKIM-PUANI-Y\u00fczme-Cumhuriyet-Kupas\u0131-2018.pdf\">20-21 Ekim 2018 7. Geleneksel Kul\u00fcpleraras\u0131 Y\u00fczme Cumhuriyet Kupas\u0131 Sonu\u00e7lar\u0131<\/a>\n\n17) <a style=\"font-size: inherit;\" href=\"http:\/\/www.gaziantepyuzme.com\/wp-content\/uploads\/2019\/07\/SONU\u00c7LAR2-PY-Cumhuriyet-Kupas\u0131.pdf\">20-21 Ekim 2018 Paletli Y\u00fczme Cumhuriyet Kupas\u0131 Sonu\u00e7lar\u0131<\/a>\n\n18) <a style=\"font-size: inherit;\" href=\"http:\/\/www.gaziantepyuzme.com\/wp-content\/uploads\/2019\/07\/Cumhuriyet-Kupas\u0131-Ma\u00e7-Raporlar\u0131.pdf\">27-28 Ekim 2018 5. Geleneksel Sutopu Cumhuriyet Kupas\u0131 Ma\u00e7 Raporlar\u0131<\/a>\n\n19) <a style=\"font-size: inherit;\" href=\"http:\/\/www.gaziantepyuzme.com\/wp-content\/uploads\/2019\/07\/SONU\u00c7LAR-Minik-Kula\u00e7lar-K\u0131\u015f-Y\u00fczme-\u015eenli\u011fi-10-Kas\u0131m-2018.pdf\">10 Kas\u0131m 2018 4. Geleneksel 10 Kas\u0131m Atat\u00fcrk&#8217;\u00fc Anma G\u00fcn\u00fc Minik Kula\u00e7lar Y\u00fczme \u015eenli\u011fi Sonu\u00e7lar\u0131<\/a>\n\n20) <a style=\"font-size: inherit;\" href=\"http:\/\/www.gaziantepyuzme.com\/wp-content\/uploads\/2019\/07\/3.A\u00e7\u0131k-Su-1.Etap-Sonu\u00e7-Listesi.pdf\">11 Kas\u0131m 2018 3. A\u00e7\u0131k Su Y\u00fczme 1. Etap Sonu\u00e7lar\u0131<\/a>\n\n21) <a style=\"font-size: inherit;\" href=\"http:\/\/www.gaziantepyuzme.com\/wp-content\/uploads\/2019\/07\/T\u00dcM-SONU\u00c7LAR-VE-TAKIM-PUANLARI.pdf\">22-23 Aral\u0131k 2018 7. Geleneksel Gaziantep&#8217;in Kurtulu\u015f G\u00fcn\u00fc Y\u00fczme Yar\u0131\u015fmalar\u0131 Sonu\u00e7lar\u0131<\/a>\n\n22) <a style=\"font-size: inherit;\" href=\"http:\/\/www.gaziantepyuzme.com\/wp-content\/uploads\/2019\/07\/Kurtulu\u015f-Kupas\u0131-ma\u00e7-Raporlar\u0131.pdf\">29-30 Aral\u0131k 2018 6. Geleneksel Sutopu Kurtulu\u015f Kupas\u0131 Ma\u00e7 Raporlar\u0131<\/a>\n\n<!-- \/wp:post-content -->\n\n<!-- wp:file {\"id\":3990,\"href\":\"http:\/\/www.gaziantepyuzme.com\/wp-content\/uploads\/2019\/07\/2.A\u00e7\u0131k-Su-2.Etap-Sonu\u00e7-Listesi.pdf\"} -->\n<div class=\"wp-block-file\"><\/div>\n<!-- \/wp:file -->","protected":false},"excerpt":{"rendered":"<p>2017 YILI SONU\u00c7LARI 1) 9-10 Ocak 2017 Okullararas\u0131 Gencler Y\u00fczme \u0130l Birincili\u011fi-Toplu Sonuclar 2) 14-15 Ocak 2017 11-12 Yas \u0130l \u0130ci Vize Yuzme Yarismalari-Toplu Sonuclar 3) 28 Ocak 2017 Open Water \u0130l Birinciligi-Toplu Sonuclar 4) 20-23 Subat 2017 Modern Pentatlon (Okul Biatlonu)-Toplu Sonuclar 5) 25-26 Subat 2017 Sutopu Bahar Ligi 1. Hafta-Mac Raporlari 6) 4-5 [&hellip;]<\/p>\n","protected":false},"author":1,"featured_media":0,"parent":1486,"menu_order":2,"comment_status":"closed","ping_status":"closed","template":"","meta":{"jetpack_post_was_ever_published":false,"footnotes":""},"class_list":["post-3265","page","type-page","status-publish","hentry"],"jetpack_sharing_enabled":true,"jetpack_shortlink":"https:\/\/wp.me\/P5p0aA-QF","_links":{"self":[{"href":"https:\/\/www.gaziantepyuzme.com\/index.php\/wp-json\/wp\/v2\/pages\/3265","targetHints":{"allow":["GET"]}}],"collection":[{"href":"https:\/\/www.gaziantepyuzme.com\/index.php\/wp-json\/wp\/v2\/pages"}],"about":[{"href":"https:\/\/www.gaziantepyuzme.com\/index.php\/wp-json\/wp\/v2\/types\/page"}],"author":[{"embeddable":true,"href":"https:\/\/www.gaziantepyuzme.com\/index.php\/wp-json\/wp\/v2\/users\/1"}],"replies":[{"embeddable":true,"href":"https:\/\/www.gaziantepyuzme.com\/index.php\/wp-json\/wp\/v2\/comments?post=3265"}],"version-history":[{"count":12,"href":"https:\/\/www.gaziantepyuzme.com\/index.php\/wp-json\/wp\/v2\/pages\/3265\/revisions"}],"predecessor-version":[{"id":4358,"href":"https:\/\/www.gaziantepyuzme.com\/index.php\/wp-json\/wp\/v2\/pages\/3265\/revisions\/4358"}],"up":[{"embeddable":true,"href":"https:\/\/www.gaziantepyuzme.com\/index.php\/wp-json\/wp\/v2\/pages\/1486"}],"wp:attachment":[{"href":"https:\/\/www.gaziantepyuzme.com\/index.php\/wp-json\/wp\/v2\/media?parent=3265"}],"curies":[{"name":"wp","href":"https:\/\/api.w.org\/{rel}","templated":true}]}}