{"id":333,"date":"2017-02-07T10:00:50","date_gmt":"2017-02-07T07:00:50","guid":{"rendered":"http:\/\/www.gaziantepyuzme.com\/?page_id=2"},"modified":"2021-02-04T20:41:43","modified_gmt":"2021-02-04T17:41:43","slug":"yarisma-evraklari","status":"publish","type":"page","link":"https:\/\/www.gaziantepyuzme.com\/index.php\/yarisma-evraklari\/","title":{"rendered":"Yar\u0131\u015fma Evraklar\u0131"},"content":{"rendered":"<h2><span style=\"text-decoration: underline;\"><strong>Formlar ve \u00c7izelgeler<\/strong><\/span><\/h2>\n<p>\u00a0<\/p>\n\n\n<div class=\"wp-block-file\"><a href=\"http:\/\/www.gaziantepyuzme.com\/wp-content\/uploads\/2021\/02\/SPLASH-TSSF-2021-SUBAT-VERSION.xlsx\">SPLASH-TSSF-2021-SUBAT-VERSION<\/a><a href=\"http:\/\/www.gaziantepyuzme.com\/wp-content\/uploads\/2021\/02\/SPLASH-TSSF-2021-SUBAT-VERSION.xlsx\" class=\"wp-block-file__button\" download>\u0130ndir<\/a><\/div>\n\n\n\n<div class=\"wp-block-file\"><a href=\"http:\/\/www.gaziantepyuzme.com\/wp-content\/uploads\/2020\/12\/1-D\u00d6RTL\u00dc_kronometre_formu.pdf\">1-D\u00d6RTL\u00dc_kronometre_formu<\/a><a href=\"http:\/\/www.gaziantepyuzme.com\/wp-content\/uploads\/2020\/12\/1-D\u00d6RTL\u00dc_kronometre_formu.pdf\" class=\"wp-block-file__button\" download>\u0130ndir<\/a><\/div>\n\n\n\n<div class=\"wp-block-file\"><a href=\"http:\/\/www.gaziantepyuzme.com\/wp-content\/uploads\/2020\/12\/2-D\u00d6RTL\u00dc_Var\u0131\u015f-Formu.pdf\">2-D\u00d6RTL\u00dc_Var\u0131\u015f Formu<\/a><a href=\"http:\/\/www.gaziantepyuzme.com\/wp-content\/uploads\/2020\/12\/2-D\u00d6RTL\u00dc_Var\u0131\u015f-Formu.pdf\" class=\"wp-block-file__button\" download>\u0130ndir<\/a><\/div>\n\n\n\n<div class=\"wp-block-file\"><a href=\"http:\/\/www.gaziantepyuzme.com\/wp-content\/uploads\/2020\/12\/3-50M-800-1500m-Formu.pdf\">3- (50M)-800-1500m Formu<\/a><a href=\"http:\/\/www.gaziantepyuzme.com\/wp-content\/uploads\/2020\/12\/3-50M-800-1500m-Formu.pdf\" class=\"wp-block-file__button\" download>\u0130ndir<\/a><\/div>\n\n\n\n<div class=\"wp-block-file\"><a href=\"http:\/\/www.gaziantepyuzme.com\/wp-content\/uploads\/2020\/12\/4-25M-800-1500m-Formu-1.pdf\">4-25M-800-1500m-Formu-1<\/a><a href=\"http:\/\/www.gaziantepyuzme.com\/wp-content\/uploads\/2020\/12\/4-25M-800-1500m-Formu-1.pdf\" class=\"wp-block-file__button\" download>\u0130ndir<\/a><\/div>\n\n\n\n<div class=\"wp-block-file\"><a href=\"http:\/\/www.gaziantepyuzme.com\/wp-content\/uploads\/2020\/12\/5-YARI\u015e_HAKEM-G\u00d6REV-FORMU.pdf\">5-YARI\u015e_HAKEM-G\u00d6REV-FORMU<\/a><a href=\"http:\/\/www.gaziantepyuzme.com\/wp-content\/uploads\/2020\/12\/5-YARI\u015e_HAKEM-G\u00d6REV-FORMU.pdf\" class=\"wp-block-file__button\" download>\u0130ndir<\/a><\/div>\n\n\n\n<div class=\"wp-block-file\"><a href=\"http:\/\/www.gaziantepyuzme.com\/wp-content\/uploads\/2020\/12\/6-Seramoni-ve-Anonslar_\u00d6RNE\u011e\u0130.pdf\">6-Seramoni-ve-Anonslar_\u00d6RNE\u011e\u0130<\/a><a href=\"http:\/\/www.gaziantepyuzme.com\/wp-content\/uploads\/2020\/12\/6-Seramoni-ve-Anonslar_\u00d6RNE\u011e\u0130.pdf\" class=\"wp-block-file__button\" download>\u0130ndir<\/a><\/div>\n\n\n\n<div class=\"wp-block-file\"><a href=\"http:\/\/www.gaziantepyuzme.com\/wp-content\/uploads\/2020\/12\/7-Hakem-toplant\u0131s\u0131_Yoklama_formu.pdf\">7-Hakem-toplant\u0131s\u0131_Yoklama_formu<\/a><a href=\"http:\/\/www.gaziantepyuzme.com\/wp-content\/uploads\/2020\/12\/7-Hakem-toplant\u0131s\u0131_Yoklama_formu.pdf\" class=\"wp-block-file__button\" download>\u0130ndir<\/a><\/div>\n\n\n\n<div class=\"wp-block-file\"><a href=\"http:\/\/www.gaziantepyuzme.com\/wp-content\/uploads\/2020\/12\/8-TYF_hakem-notlar\u0131-de\u011ferlendirme_formu.pdf\">8-TYF_hakem-notlar\u0131-de\u011ferlendirme_formu<\/a><a href=\"http:\/\/www.gaziantepyuzme.com\/wp-content\/uploads\/2020\/12\/8-TYF_hakem-notlar\u0131-de\u011ferlendirme_formu.pdf\" class=\"wp-block-file__button\" download>\u0130ndir<\/a><\/div>\n\n\n\n<div class=\"wp-block-file\"><a href=\"http:\/\/www.gaziantepyuzme.com\/wp-content\/uploads\/2020\/12\/9-2017-2021-FINA-y\u00fczme-kurallar\u0131_en_son-1.pdf\">9-2017-2021-FINA-y\u00fczme-kurallar\u0131_en_son-1<\/a><a href=\"http:\/\/www.gaziantepyuzme.com\/wp-content\/uploads\/2020\/12\/9-2017-2021-FINA-y\u00fczme-kurallar\u0131_en_son-1.pdf\" class=\"wp-block-file__button\" download>\u0130ndir<\/a><\/div>\n\n\n\n<div class=\"wp-block-file\"><a href=\"http:\/\/www.gaziantepyuzme.com\/wp-content\/uploads\/2020\/12\/10-Diskalifiye-kart\u0131.pdf\">10-Diskalifiye-kart\u0131<\/a><a href=\"http:\/\/www.gaziantepyuzme.com\/wp-content\/uploads\/2020\/12\/10-Diskalifiye-kart\u0131.pdf\" class=\"wp-block-file__button\" download>\u0130ndir<\/a><\/div>\n\n\n\n<div class=\"wp-block-file\"><a href=\"http:\/\/www.gaziantepyuzme.com\/wp-content\/uploads\/2020\/12\/11-Antren\u00f6r_itiraz-formu.pdf\">11-Antren\u00f6r_itiraz-formu<\/a><a href=\"http:\/\/www.gaziantepyuzme.com\/wp-content\/uploads\/2020\/12\/11-Antren\u00f6r_itiraz-formu.pdf\" class=\"wp-block-file__button\" download>\u0130ndir<\/a><\/div>\n\n\n\n<div class=\"wp-block-file\"><a href=\"http:\/\/www.gaziantepyuzme.com\/wp-content\/uploads\/2020\/12\/12-Finallerden_\u00c7EK\u0130LME_formu.pdf\">12-Finallerden_\u00c7EK\u0130LME_formu<\/a><a href=\"http:\/\/www.gaziantepyuzme.com\/wp-content\/uploads\/2020\/12\/12-Finallerden_\u00c7EK\u0130LME_formu.pdf\" class=\"wp-block-file__button\" download>\u0130ndir<\/a><\/div>\n\n\n\n<div class=\"wp-block-file\"><a href=\"http:\/\/www.gaziantepyuzme.com\/wp-content\/uploads\/2020\/12\/13-Teknik_toplant\u0131_Yar\u0131\u015ftan_\u00e7ekilme-de\u011fi\u015ftirme-kart\u0131.pdf\">13-Teknik_toplant\u0131_Yar\u0131\u015ftan_\u00e7ekilme-de\u011fi\u015ftirme-kart\u0131<\/a><a href=\"http:\/\/www.gaziantepyuzme.com\/wp-content\/uploads\/2020\/12\/13-Teknik_toplant\u0131_Yar\u0131\u015ftan_\u00e7ekilme-de\u011fi\u015ftirme-kart\u0131.pdf\" class=\"wp-block-file__button\" download>\u0130ndir<\/a><\/div>\n\n\n\n<div class=\"wp-block-file\"><a href=\"http:\/\/www.gaziantepyuzme.com\/wp-content\/uploads\/2020\/12\/Diskalifiye-Nedenleri_Bilgi_kart\u0131.pdf\">Diskalifiye Nedenleri_Bilgi_kart\u0131<\/a><a href=\"http:\/\/www.gaziantepyuzme.com\/wp-content\/uploads\/2020\/12\/Diskalifiye-Nedenleri_Bilgi_kart\u0131.pdf\" class=\"wp-block-file__button\" download>\u0130ndir<\/a><\/div>\n\n\n\n<p><\/p>\n","protected":false},"excerpt":{"rendered":"<p>Formlar ve \u00c7izelgeler \u00a0<\/p>\n","protected":false},"author":1,"featured_media":0,"parent":0,"menu_order":1,"comment_status":"closed","ping_status":"closed","template":"","meta":{"jetpack_post_was_ever_published":false,"footnotes":""},"class_list":["post-333","page","type-page","status-publish","hentry"],"jetpack_sharing_enabled":true,"jetpack_shortlink":"https:\/\/wp.me\/P5p0aA-5n","_links":{"self":[{"href":"https:\/\/www.gaziantepyuzme.com\/index.php\/wp-json\/wp\/v2\/pages\/333","targetHints":{"allow":["GET"]}}],"collection":[{"href":"https:\/\/www.gaziantepyuzme.com\/index.php\/wp-json\/wp\/v2\/pages"}],"about":[{"href":"https:\/\/www.gaziantepyuzme.com\/index.php\/wp-json\/wp\/v2\/types\/page"}],"author":[{"embeddable":true,"href":"https:\/\/www.gaziantepyuzme.com\/index.php\/wp-json\/wp\/v2\/users\/1"}],"replies":[{"embeddable":true,"href":"https:\/\/www.gaziantepyuzme.com\/index.php\/wp-json\/wp\/v2\/comments?post=333"}],"version-history":[{"count":10,"href":"https:\/\/www.gaziantepyuzme.com\/index.php\/wp-json\/wp\/v2\/pages\/333\/revisions"}],"predecessor-version":[{"id":4901,"href":"https:\/\/www.gaziantepyuzme.com\/index.php\/wp-json\/wp\/v2\/pages\/333\/revisions\/4901"}],"wp:attachment":[{"href":"https:\/\/www.gaziantepyuzme.com\/index.php\/wp-json\/wp\/v2\/media?parent=333"}],"curies":[{"name":"wp","href":"https:\/\/api.w.org\/{rel}","templated":true}]}}