{"id":337,"date":"2012-02-21T17:10:42","date_gmt":"2012-02-21T15:10:42","guid":{"rendered":"http:\/\/www.gaziantepyuzme.com\/?page_id=21"},"modified":"2019-01-10T01:03:00","modified_gmt":"2019-01-09T22:03:00","slug":"spor-kulupleri","status":"publish","type":"page","link":"https:\/\/www.gaziantepyuzme.com\/index.php\/spor-kulupleri\/","title":{"rendered":"Spor Kul\u00fcpleri"},"content":{"rendered":"<p><strong>Y\u00fczme sporu<\/strong>, uluslararas\u0131 standartlarda boyutu olan (50 metre, 8 kulvar) havuzlarda bedenin kula\u00e7 ve ayak hareketlerinden ba\u015fka bir yard\u0131m almadan, her yar\u0131\u015fmac\u0131n\u0131n kendi kulvar\u0131nda, serbest, s\u0131rt\u00fcst\u00fc, kelebek ve kurba\u011fa stillerinin her birinde veya d\u00f6rd\u00fc birden kar\u0131\u015f\u0131k olarak, 50, 100, 200, 400, 800, 1500 metrelerde bireysel veya ekip olarak yapt\u0131klar\u0131 yar\u0131\u015fmaya denir.<\/p>\n<table style=\"width: 615px; height: 240px;\" border=\"1\" cellspacing=\"1\" cellpadding=\"1\" align=\"center\">\n<tbody>\n<tr>\n<td><a href=\"https:\/\/i0.wp.com\/www.gaziantepyuzme.com\/wp-content\/uploads\/2012\/02\/yuzme_dersi_yuzme_kursu-599x314.jpg\"><img data-recalc-dims=\"1\" loading=\"lazy\" decoding=\"async\" width=\"300\" height=\"157\" class=\"aligncenter size-medium wp-image-118\" dir=\"rtl\" style=\"width: 270px; height: 142px;\" title=\"yuzme_dersi_yuzme_kursu-599x314\" src=\"https:\/\/i0.wp.com\/www.gaziantepyuzme.com\/wp-content\/uploads\/2012\/02\/yuzme_dersi_yuzme_kursu-599x314-300x157.jpg?resize=300%2C157\" alt=\"\" srcset=\"https:\/\/i0.wp.com\/www.gaziantepyuzme.com\/wp-content\/uploads\/2012\/02\/yuzme_dersi_yuzme_kursu-599x314.jpg?resize=300%2C157&amp;ssl=1 300w, https:\/\/i0.wp.com\/www.gaziantepyuzme.com\/wp-content\/uploads\/2012\/02\/yuzme_dersi_yuzme_kursu-599x314.jpg?resize=599%2C314&amp;ssl=1 599w\" sizes=\"auto, (max-width: 300px) 100vw, 300px\" \/><\/a><\/td>\n<td><a href=\"https:\/\/i0.wp.com\/www.gaziantepyuzme.com\/wp-content\/uploads\/2012\/02\/yuzme_genel_5.jpg\"><img data-recalc-dims=\"1\" loading=\"lazy\" decoding=\"async\" width=\"300\" height=\"173\" class=\"aligncenter size-medium wp-image-121\" style=\"text-align: right; width: 238px; height: 137px;\" title=\"yuzme_genel_5\" src=\"https:\/\/i0.wp.com\/www.gaziantepyuzme.com\/wp-content\/uploads\/2012\/02\/yuzme_genel_5-300x173.jpg?resize=300%2C173\" alt=\"\" srcset=\"https:\/\/i0.wp.com\/www.gaziantepyuzme.com\/wp-content\/uploads\/2012\/02\/yuzme_genel_5.jpg?resize=300%2C173&amp;ssl=1 300w, https:\/\/i0.wp.com\/www.gaziantepyuzme.com\/wp-content\/uploads\/2012\/02\/yuzme_genel_5.jpg?w=600&amp;ssl=1 600w\" sizes=\"auto, (max-width: 300px) 100vw, 300px\" \/><\/a><\/td>\n<\/tr>\n<\/tbody>\n<\/table>\n<p>&nbsp;<\/p>\n<p>&nbsp;<\/p>\n<p>&nbsp;<\/p>\n","protected":false},"excerpt":{"rendered":"<p>Y\u00fczme sporu, uluslararas\u0131 standartlarda boyutu olan (50 metre, 8 kulvar) havuzlarda bedenin kula\u00e7 ve ayak hareketlerinden ba\u015fka bir yard\u0131m almadan, her yar\u0131\u015fmac\u0131n\u0131n kendi kulvar\u0131nda, serbest, s\u0131rt\u00fcst\u00fc, kelebek ve kurba\u011fa stillerinin her birinde veya d\u00f6rd\u00fc birden kar\u0131\u015f\u0131k olarak, 50, 100, 200, 400, 800, 1500 metrelerde bireysel veya ekip olarak yapt\u0131klar\u0131 yar\u0131\u015fmaya denir. &nbsp; &nbsp; &nbsp;<\/p>\n","protected":false},"author":1,"featured_media":0,"parent":0,"menu_order":0,"comment_status":"closed","ping_status":"closed","template":"","meta":{"jetpack_post_was_ever_published":false,"footnotes":""},"class_list":["post-337","page","type-page","status-publish","hentry"],"jetpack_sharing_enabled":true,"jetpack_shortlink":"https:\/\/wp.me\/P5p0aA-5r","_links":{"self":[{"href":"https:\/\/www.gaziantepyuzme.com\/index.php\/wp-json\/wp\/v2\/pages\/337","targetHints":{"allow":["GET"]}}],"collection":[{"href":"https:\/\/www.gaziantepyuzme.com\/index.php\/wp-json\/wp\/v2\/pages"}],"about":[{"href":"https:\/\/www.gaziantepyuzme.com\/index.php\/wp-json\/wp\/v2\/types\/page"}],"author":[{"embeddable":true,"href":"https:\/\/www.gaziantepyuzme.com\/index.php\/wp-json\/wp\/v2\/users\/1"}],"replies":[{"embeddable":true,"href":"https:\/\/www.gaziantepyuzme.com\/index.php\/wp-json\/wp\/v2\/comments?post=337"}],"version-history":[{"count":5,"href":"https:\/\/www.gaziantepyuzme.com\/index.php\/wp-json\/wp\/v2\/pages\/337\/revisions"}],"predecessor-version":[{"id":2461,"href":"https:\/\/www.gaziantepyuzme.com\/index.php\/wp-json\/wp\/v2\/pages\/337\/revisions\/2461"}],"wp:attachment":[{"href":"https:\/\/www.gaziantepyuzme.com\/index.php\/wp-json\/wp\/v2\/media?parent=337"}],"curies":[{"name":"wp","href":"https:\/\/api.w.org\/{rel}","templated":true}]}}