{"id":342,"date":"2012-02-21T19:58:22","date_gmt":"2012-02-21T19:58:22","guid":{"rendered":"http:\/\/www.gaziantepyuzme.com\/?page_id=44"},"modified":"2012-02-21T19:58:22","modified_gmt":"2012-02-21T19:58:22","slug":"kurbagalama-yuzme-stili","status":"publish","type":"page","link":"https:\/\/www.gaziantepyuzme.com\/index.php\/spor-kulupleri\/yuzme-stilleri\/kurbagalama-yuzme-stili\/","title":{"rendered":"Kurba\u011falama Y\u00fczme Stili"},"content":{"rendered":"<p><strong>Kurba\u011falama<\/strong>, y&uuml;z&uuml;c&uuml;n&uuml;n ayaklar\u0131n\u0131n ve ellerinin daireler &ccedil;izerek ilerledi\u011fi bir y&uuml;zme stilidir. Kurba\u011falama eller i&ccedil;in 3 hareketten olu\u015fur.<\/p>\n<ol>\n<li>Y&uuml;kselme<\/li>\n<li>K&uuml;&ccedil;&uuml;lme<\/li>\n<li>Uzanma<\/li>\n<\/ol>\n<p><a href=\"https:\/\/i0.wp.com\/www.gaziantepyuzme.com\/wp-content\/uploads\/2012\/02\/40777500_breast_stroke_anim.gif\"><img data-recalc-dims=\"1\" loading=\"lazy\" decoding=\"async\" alt=\"\" class=\"aligncenter size-full wp-image-103\" height=\"224\" src=\"https:\/\/i0.wp.com\/www.gaziantepyuzme.com\/wp-content\/uploads\/2012\/02\/40777500_breast_stroke_anim.gif?resize=298%2C224\" title=\"_40777500_breast_stroke_anim\" width=\"298\" \/><\/a><\/p>\n<p>Bu y&uuml;zme stilinde ayak ve kol kordinasyonu &ccedil;ok &ouml;nemlidir. Kurba\u011flama y&uuml;zme ayaklar\u0131n geriye uzat\u0131l\u0131p ilk olarak kol hareketi il ba\u015flar.Kollar ba\u015f &ouml;n&uuml;nde birle\u015fik ileri do\u011fru uzat\u0131lm\u0131\u015f bir \u015fekilde ba\u015f suyun i&ccedil;inde ki pozisyon ile ba\u015flar.Kol hareketi birbirinin z\u0131tt\u0131 y&ouml;nde yanlara do\u011fru hareket ile ba\u015flay\u0131p dirsekler b&uuml;k&uuml;l&uuml; omuz hizas\u0131na kadar suyun alt\u0131nda y&uuml;z&uuml;m&uuml;z hizas\u0131na kadar bir yay &ccedil;izerek suyun i&ccedil;indeki hareketi ba\u015flar y&uuml;z&uuml;m&uuml;ze do\u011fru y&uuml;kselen kol y&uuml;z hizas\u0131ndan d\u0131\u015far\u0131 &ccedil;\u0131kart\u0131p ileri h\u0131zl\u0131 bir \u015fekilde uzat\u0131rken ayaklar devreye girip kurba\u011fa ayak yaparak kollar\u0131n ileri uzanmas\u0131 ile ayaklar\u0131n kurba\u011fa ayak yapmas\u0131 ayn\u0131 zamanda tamamlan\u0131r. Nefes almak i&ccedil;in d\u0131\u015far\u0131da olan ba\u015f\u0131m\u0131z\u0131 da suyun i&ccedil;ine sokarak hareketin bir turu tamamlanm\u0131\u015f olur.<\/p>\n","protected":false},"excerpt":{"rendered":"<p>Kurba\u011falama, y&uuml;z&uuml;c&uuml;n&uuml;n ayaklar\u0131n\u0131n ve ellerinin daireler &ccedil;izerek ilerledi\u011fi bir y&uuml;zme stilidir. Kurba\u011falama eller i&ccedil;in 3 hareketten olu\u015fur. Y&uuml;kselme K&uuml;&ccedil;&uuml;lme Uzanma Bu y&uuml;zme stilinde ayak ve kol kordinasyonu &ccedil;ok &ouml;nemlidir. Kurba\u011flama y&uuml;zme ayaklar\u0131n geriye uzat\u0131l\u0131p ilk olarak kol hareketi il ba\u015flar.Kollar ba\u015f &ouml;n&uuml;nde birle\u015fik ileri do\u011fru uzat\u0131lm\u0131\u015f bir \u015fekilde ba\u015f suyun i&ccedil;inde ki pozisyon ile ba\u015flar.Kol [&hellip;]<\/p>\n","protected":false},"author":1,"featured_media":0,"parent":340,"menu_order":1,"comment_status":"closed","ping_status":"closed","template":"","meta":{"jetpack_post_was_ever_published":false,"footnotes":""},"class_list":["post-342","page","type-page","status-publish","hentry"],"jetpack_sharing_enabled":true,"jetpack_shortlink":"https:\/\/wp.me\/P5p0aA-5w","_links":{"self":[{"href":"https:\/\/www.gaziantepyuzme.com\/index.php\/wp-json\/wp\/v2\/pages\/342","targetHints":{"allow":["GET"]}}],"collection":[{"href":"https:\/\/www.gaziantepyuzme.com\/index.php\/wp-json\/wp\/v2\/pages"}],"about":[{"href":"https:\/\/www.gaziantepyuzme.com\/index.php\/wp-json\/wp\/v2\/types\/page"}],"author":[{"embeddable":true,"href":"https:\/\/www.gaziantepyuzme.com\/index.php\/wp-json\/wp\/v2\/users\/1"}],"replies":[{"embeddable":true,"href":"https:\/\/www.gaziantepyuzme.com\/index.php\/wp-json\/wp\/v2\/comments?post=342"}],"version-history":[{"count":0,"href":"https:\/\/www.gaziantepyuzme.com\/index.php\/wp-json\/wp\/v2\/pages\/342\/revisions"}],"up":[{"embeddable":true,"href":"https:\/\/www.gaziantepyuzme.com\/index.php\/wp-json\/wp\/v2\/pages\/340"}],"wp:attachment":[{"href":"https:\/\/www.gaziantepyuzme.com\/index.php\/wp-json\/wp\/v2\/media?parent=342"}],"curies":[{"name":"wp","href":"https:\/\/api.w.org\/{rel}","templated":true}]}}